{"id":132,"date":"2025-08-13T11:02:04","date_gmt":"2025-08-13T11:02:04","guid":{"rendered":"http:\/\/tommasofanucci.it\/?page_id=132"},"modified":"2025-09-11T08:12:34","modified_gmt":"2025-09-11T08:12:34","slug":"pagina-del-libro","status":"publish","type":"page","link":"https:\/\/tommasofanucci.it\/?page_id=132","title":{"rendered":"Scomodo \u2013 Il mio percorso a ostacoli"},"content":{"rendered":"<div class=\"wp-block-image\">\n<figure class=\"aligncenter size-full\"><img loading=\"lazy\" decoding=\"async\" width=\"416\" height=\"555\" src=\"http:\/\/tommasofanucci.it\/wp-content\/uploads\/2025\/08\/scomodo-ilmiopercorsoaostacoli-416x555-1.png\" alt=\"\" class=\"wp-image-20\" srcset=\"https:\/\/tommasofanucci.it\/wp-content\/uploads\/2025\/08\/scomodo-ilmiopercorsoaostacoli-416x555-1.png 416w, https:\/\/tommasofanucci.it\/wp-content\/uploads\/2025\/08\/scomodo-ilmiopercorsoaostacoli-416x555-1-225x300.png 225w\" sizes=\"auto, (max-width: 416px) 100vw, 416px\" \/><\/figure>\n<\/div>\n\n\n<div style=\"height:100px\" aria-hidden=\"true\" class=\"wp-block-spacer\"><\/div>\n\n\n\n<p>Questo libro nasce dal desiderio di condividere la mia storia con chi vive le mie stesse sfide \u2013 insegnanti, studenti, genitori \u2013 e far capire che la disabilit\u00e0 non \u00e8 un limite, ma un\u2019esperienza che pu\u00f2 insegnare molto, se vista nella sua interezza.<\/p>\n\n\n\n<div style=\"height:25px\" aria-hidden=\"true\" class=\"wp-block-spacer\"><\/div>\n\n\n\n<h2 class=\"wp-block-heading\"><strong>Di cosa parla<\/strong><\/h2>\n\n\n\n<p>Ho vissuto un percorso scolastico difficile: spesso non si vedevano le mie potenzialit\u00e0, ma solo le mie difficolt\u00e0. In Italia, ancora oggi, la disabilit\u00e0 spesso suscita diffidenza. La carrozzina, i limiti negli spostamenti, l\u2019impossibilit\u00e0 di guidare\u2026 tutto questo pu\u00f2 diventare un muro intorno a chi prova sentimenti, desideri, voglia di crescere.<\/p>\n\n\n\n<p>Ho sofferto anche nel mio mondo personale: essendo spesso etichettato come \u201cscomodo\u201d, ho incontrato chiusure, rifiuti, fino al momento in cui ho incontrato persone come Lucia, Alessio, Giulia, Federico, Cesare e Camilla. Loro mi hanno riaperto al mondo: meglio tardi che mai.<\/p>\n\n\n\n<p>Citazioni dal libro:<\/p>\n\n\n\n<blockquote class=\"wp-block-quote is-layout-flow wp-block-quote-is-layout-flow\">\n<p>\u201cEssere scomodo non \u00e8 un difetto: \u00e8 un invito a rimanere s\u00e9 stessi, anche quando gli altri preferirebbero che fossi diverso.\u201d<\/p>\n\n\n\n<p>\u201cLe barriere pi\u00f9 difficili da abbattere non sono quelle architettoniche, ma quelle che si costruiscono nella testa delle persone.\u201d<\/p>\n\n\n\n<p>\u201cLa diversit\u00e0 non chiede piet\u00e0: chiede ascolto, spazio e rispetto.\u201d<\/p>\n<\/blockquote>\n\n\n\n<div style=\"height:40px\" aria-hidden=\"true\" class=\"wp-block-spacer\"><\/div>\n\n\n\n<h2 class=\"wp-block-heading\"><strong><strong>Per chi \u00e8 il libro<\/strong><\/strong><\/h2>\n\n\n\n<p>\u00c8 una guida sincera per chi desidera guardare oltre le apparenze: insegnanti che vogliono includere con pi\u00f9 sensibilit\u00e0, studenti che cercano esempi di resilienza e genitori che vogliono trovare parole autentiche. \u00c8 anche un invito a mettere da parte i pregiudizi e abbracciare ogni persona nella sua interezza.<\/p>\n\n\n\n<div style=\"height:40px\" aria-hidden=\"true\" class=\"wp-block-spacer\"><\/div>\n\n\n\n<h2 class=\"wp-block-heading\"><strong><strong>Presentazione ufficiale<\/strong><\/strong><\/h2>\n\n\n\n<p>Il libro \u00e8 stato presentato il <strong>4 ottobre 2024<\/strong> al Pisa Book Festival che si \u00e8 tenuto presso il Museo delle Navi Antiche. \u00c8 stato un momento ricco di ascolto e condivisione, e un\u2019emozione grande raccontare \u201cScomodo\u201d di fronte a tanti volti interessati.<\/p>\n\n\n\n<div style=\"height:40px\" aria-hidden=\"true\" class=\"wp-block-spacer\"><\/div>\n\n\n\n<p>Questo libro \u00e8 un invito alla riflessione e all\u2019empatia.<br>Spero che le mie parole possano toccarti, farti nascere domande e aiutarti a guardare ogni persona per la ricchezza che porta dentro.<br>Se vuoi saperne di pi\u00f9, acquistarlo o organizzare un incontro, contattami: mi far\u00e0 piacere parlartene di persona.<\/p>\n\n\n\n<p>Per l&#8217;acquisto \u00e8 disponibile online su:<\/p>\n\n\n\n<ul class=\"wp-block-list\">\n<li><a href=\"https:\/\/le-impronte.com\/prodotto\/scomodo-il-mio-percorso-a-ostacoli\/\">Le Impronte<\/a><\/li>\n\n\n\n<li><a href=\"https:\/\/www.ibs.it\/scomodo-mio-percorso-a-ostacoli-libro-tommaso-fanucci\/e\/9788860198716\">IBS<\/a><\/li>\n\n\n\n<li><a href=\"https:\/\/www.lafeltrinelli.it\/scomodo-mio-percorso-a-ostacoli-libro-tommaso-fanucci\/e\/9788860198716?gad_source=1&amp;gad_campaignid=17339121055&amp;gbraid=0AAAAAD-Pe5yuomTV7u6y_7E1hvBd2Deru&amp;gclid=Cj0KCQjw5onGBhDeARIsAFK6QJYGEUTEcJ7y71TMnrjZmg65CR79BMhj4kgvuCflCKTIGJg9qHmJ13IaAgzZEALw_wcB\">Feltrinelli<\/a><\/li>\n\n\n\n<li><a href=\"https:\/\/www.amazon.it\/Scomodo-percorso-ostacoli-Tommaso-Fanucci\/dp\/8860198712\">Amazon<\/a><\/li>\n<\/ul>\n\n\n\n<div style=\"height:25px\" aria-hidden=\"true\" class=\"wp-block-spacer\"><\/div>\n\n\n\n<div class=\"wp-block-buttons is-content-justification-center is-layout-flex wp-container-core-buttons-is-layout-a89b3969 wp-block-buttons-is-layout-flex\">\n<div class=\"wp-block-button\"><a class=\"wp-block-button__link wp-element-button\" href=\"http:\/\/tommasofanucci.it\/?page_id=112\">Chi sono<\/a><\/div>\n\n\n\n<div class=\"wp-block-button\"><a class=\"wp-block-button__link wp-element-button\" href=\"http:\/\/tommasofanucci.it\/?page_id=135\">Attivit\u00e0 e Competenze<\/a><\/div>\n<\/div>\n\n\n\n<div style=\"height:100px\" aria-hidden=\"true\" class=\"wp-block-spacer\"><\/div>\n\n\n\n<hr class=\"wp-block-separator has-alpha-channel-opacity is-style-wide\"\/>\n\n\n\n<div style=\"height:40px\" aria-hidden=\"true\" class=\"wp-block-spacer\"><\/div>\n\n\n\n<ul class=\"wp-block-social-links is-layout-flex wp-block-social-links-is-layout-flex\"><li class=\"wp-social-link wp-social-link-facebook  wp-block-social-link\"><a href=\"https:\/\/www.facebook.com\/tommaso.fanucci\/\" class=\"wp-block-social-link-anchor\"><svg width=\"24\" height=\"24\" viewBox=\"0 0 24 24\" version=\"1.1\" xmlns=\"http:\/\/www.w3.org\/2000\/svg\" aria-hidden=\"true\" focusable=\"false\"><path d=\"M12 2C6.5 2 2 6.5 2 12c0 5 3.7 9.1 8.4 9.9v-7H7.9V12h2.5V9.8c0-2.5 1.5-3.9 3.8-3.9 1.1 0 2.2.2 2.2.2v2.5h-1.3c-1.2 0-1.6.8-1.6 1.6V12h2.8l-.4 2.9h-2.3v7C18.3 21.1 22 17 22 12c0-5.5-4.5-10-10-10z\"><\/path><\/svg><span class=\"wp-block-social-link-label screen-reader-text\">Facebook<\/span><\/a><\/li>\n\n<li class=\"wp-social-link wp-social-link-instagram  wp-block-social-link\"><a href=\"https:\/\/www.instagram.com\/fanuccitommaso\" class=\"wp-block-social-link-anchor\"><svg width=\"24\" height=\"24\" viewBox=\"0 0 24 24\" version=\"1.1\" xmlns=\"http:\/\/www.w3.org\/2000\/svg\" aria-hidden=\"true\" focusable=\"false\"><path d=\"M12,4.622c2.403,0,2.688,0.009,3.637,0.052c0.877,0.04,1.354,0.187,1.671,0.31c0.42,0.163,0.72,0.358,1.035,0.673 c0.315,0.315,0.51,0.615,0.673,1.035c0.123,0.317,0.27,0.794,0.31,1.671c0.043,0.949,0.052,1.234,0.052,3.637 s-0.009,2.688-0.052,3.637c-0.04,0.877-0.187,1.354-0.31,1.671c-0.163,0.42-0.358,0.72-0.673,1.035 c-0.315,0.315-0.615,0.51-1.035,0.673c-0.317,0.123-0.794,0.27-1.671,0.31c-0.949,0.043-1.233,0.052-3.637,0.052 s-2.688-0.009-3.637-0.052c-0.877-0.04-1.354-0.187-1.671-0.31c-0.42-0.163-0.72-0.358-1.035-0.673 c-0.315-0.315-0.51-0.615-0.673-1.035c-0.123-0.317-0.27-0.794-0.31-1.671C4.631,14.688,4.622,14.403,4.622,12 s0.009-2.688,0.052-3.637c0.04-0.877,0.187-1.354,0.31-1.671c0.163-0.42,0.358-0.72,0.673-1.035 c0.315-0.315,0.615-0.51,1.035-0.673c0.317-0.123,0.794-0.27,1.671-0.31C9.312,4.631,9.597,4.622,12,4.622 M12,3 C9.556,3,9.249,3.01,8.289,3.054C7.331,3.098,6.677,3.25,6.105,3.472C5.513,3.702,5.011,4.01,4.511,4.511 c-0.5,0.5-0.808,1.002-1.038,1.594C3.25,6.677,3.098,7.331,3.054,8.289C3.01,9.249,3,9.556,3,12c0,2.444,0.01,2.751,0.054,3.711 c0.044,0.958,0.196,1.612,0.418,2.185c0.23,0.592,0.538,1.094,1.038,1.594c0.5,0.5,1.002,0.808,1.594,1.038 c0.572,0.222,1.227,0.375,2.185,0.418C9.249,20.99,9.556,21,12,21s2.751-0.01,3.711-0.054c0.958-0.044,1.612-0.196,2.185-0.418 c0.592-0.23,1.094-0.538,1.594-1.038c0.5-0.5,0.808-1.002,1.038-1.594c0.222-0.572,0.375-1.227,0.418-2.185 C20.99,14.751,21,14.444,21,12s-0.01-2.751-0.054-3.711c-0.044-0.958-0.196-1.612-0.418-2.185c-0.23-0.592-0.538-1.094-1.038-1.594 c-0.5-0.5-1.002-0.808-1.594-1.038c-0.572-0.222-1.227-0.375-2.185-0.418C14.751,3.01,14.444,3,12,3L12,3z M12,7.378 c-2.552,0-4.622,2.069-4.622,4.622S9.448,16.622,12,16.622s4.622-2.069,4.622-4.622S14.552,7.378,12,7.378z M12,15 c-1.657,0-3-1.343-3-3s1.343-3,3-3s3,1.343,3,3S13.657,15,12,15z M16.804,6.116c-0.596,0-1.08,0.484-1.08,1.08 s0.484,1.08,1.08,1.08c0.596,0,1.08-0.484,1.08-1.08S17.401,6.116,16.804,6.116z\"><\/path><\/svg><span class=\"wp-block-social-link-label screen-reader-text\">Instagram<\/span><\/a><\/li>\n\n<li class=\"wp-social-link wp-social-link-mail  wp-block-social-link\"><a href=\"mailto:&#116;o&#109;maso.&#102;a&#110;u&#099;c&#105;&#064;&#103;ma&#105;l.&#099;o&#109;\" class=\"wp-block-social-link-anchor\"><svg width=\"24\" height=\"24\" viewBox=\"0 0 24 24\" version=\"1.1\" xmlns=\"http:\/\/www.w3.org\/2000\/svg\" aria-hidden=\"true\" focusable=\"false\"><path d=\"M19,5H5c-1.1,0-2,.9-2,2v10c0,1.1.9,2,2,2h14c1.1,0,2-.9,2-2V7c0-1.1-.9-2-2-2zm.5,12c0,.3-.2.5-.5.5H5c-.3,0-.5-.2-.5-.5V9.8l7.5,5.6,7.5-5.6V17zm0-9.1L12,13.6,4.5,7.9V7c0-.3.2-.5.5-.5h14c.3,0,.5.2.5.5v.9z\"><\/path><\/svg><span class=\"wp-block-social-link-label screen-reader-text\">Email<\/span><\/a><\/li>\n\n<li class=\"wp-social-link wp-social-link-linkedin  wp-block-social-link\"><a href=\"https:\/\/www.linkedin.com\/in\/tommaso-fanucci-574449155\/\" class=\"wp-block-social-link-anchor\"><svg width=\"24\" height=\"24\" viewBox=\"0 0 24 24\" version=\"1.1\" xmlns=\"http:\/\/www.w3.org\/2000\/svg\" aria-hidden=\"true\" focusable=\"false\"><path d=\"M19.7,3H4.3C3.582,3,3,3.582,3,4.3v15.4C3,20.418,3.582,21,4.3,21h15.4c0.718,0,1.3-0.582,1.3-1.3V4.3 C21,3.582,20.418,3,19.7,3z M8.339,18.338H5.667v-8.59h2.672V18.338z M7.004,8.574c-0.857,0-1.549-0.694-1.549-1.548 c0-0.855,0.691-1.548,1.549-1.548c0.854,0,1.547,0.694,1.547,1.548C8.551,7.881,7.858,8.574,7.004,8.574z M18.339,18.338h-2.669 v-4.177c0-0.996-0.017-2.278-1.387-2.278c-1.389,0-1.601,1.086-1.601,2.206v4.249h-2.667v-8.59h2.559v1.174h0.037 c0.356-0.675,1.227-1.387,2.526-1.387c2.703,0,3.203,1.779,3.203,4.092V18.338z\"><\/path><\/svg><span class=\"wp-block-social-link-label screen-reader-text\">LinkedIn<\/span><\/a><\/li><\/ul>\n\n\n\n<div style=\"height:100px\" aria-hidden=\"true\" class=\"wp-block-spacer\"><\/div>\n\n\n<div class=\"wp-block-image\">\n<figure class=\"aligncenter size-full\"><img loading=\"lazy\" decoding=\"async\" width=\"150\" height=\"150\" src=\"http:\/\/tommasofanucci.it\/wp-content\/uploads\/2025\/08\/logo-sito2-6.png\" alt=\"\" class=\"wp-image-194\" srcset=\"https:\/\/tommasofanucci.it\/wp-content\/uploads\/2025\/08\/logo-sito2-6.png 150w, https:\/\/tommasofanucci.it\/wp-content\/uploads\/2025\/08\/logo-sito2-6-75x75.png 75w\" sizes=\"auto, (max-width: 150px) 100vw, 150px\" \/><\/figure>\n<\/div>","protected":false},"excerpt":{"rendered":"<p>Questo libro nasce dal desiderio di condividere la mia storia con chi vive le mie stesse sfide \u2013 insegnanti, studenti, genitori \u2013 e far capire che la disabilit\u00e0 non \u00e8 un limite, ma un\u2019esperienza che pu\u00f2 insegnare molto, se vista nella sua interezza. Di cosa parla Ho vissuto un percorso scolastico difficile: spesso non si vedevano le mie potenzialit\u00e0, ma solo le mie difficolt\u00e0. In Italia, ancora oggi, la disabilit\u00e0 spesso suscita diffidenza. La carrozzina, i limiti negli spostamenti, l\u2019impossibilit\u00e0 di guidare\u2026 tutto questo pu\u00f2 diventare un muro intorno a chi prova sentimenti, desideri, voglia di crescere. Ho sofferto anche nel mio mondo personale: essendo spesso etichettato come \u201cscomodo\u201d, ho incontrato chiusure, rifiuti, fino al momento in cui ho incontrato persone come Lucia, Alessio, Giulia, Federico, Cesare e Camilla. Loro mi hanno riaperto al mondo: meglio tardi che mai. Citazioni dal libro: \u201cEssere scomodo non \u00e8 un difetto: \u00e8 un invito a rimanere s\u00e9 stessi, anche quando gli altri preferirebbero che fossi diverso.\u201d \u201cLe barriere pi\u00f9 difficili da abbattere non sono quelle architettoniche, ma quelle che si costruiscono nella testa delle persone.\u201d \u201cLa diversit\u00e0 non chiede piet\u00e0: chiede ascolto, spazio e rispetto.\u201d Per chi \u00e8 il libro \u00c8 una guida sincera per chi desidera guardare oltre le apparenze: insegnanti che vogliono includere con pi\u00f9 sensibilit\u00e0, studenti che cercano esempi di resilienza e genitori che vogliono trovare parole autentiche. \u00c8 anche un invito a mettere da parte i pregiudizi e abbracciare ogni persona nella sua interezza. Presentazione ufficiale Il libro \u00e8 stato presentato il 4 ottobre 2024 al Pisa Book Festival che si \u00e8 tenuto presso il Museo delle Navi Antiche. \u00c8 stato un momento ricco di ascolto e condivisione, e un\u2019emozione grande raccontare \u201cScomodo\u201d di fronte a tanti volti interessati. Questo libro \u00e8 un invito alla riflessione e all\u2019empatia.Spero che le mie parole possano toccarti, farti nascere domande e aiutarti a guardare ogni persona per la ricchezza che porta dentro.Se vuoi saperne di pi\u00f9, acquistarlo o organizzare un incontro, contattami: mi far\u00e0 piacere parlartene di persona. Per l&#8217;acquisto \u00e8 disponibile online su:<\/p>\n","protected":false},"author":1,"featured_media":0,"parent":0,"menu_order":0,"comment_status":"closed","ping_status":"closed","template":"","meta":{"footnotes":""},"class_list":["post-132","page","type-page","status-publish","hentry"],"_links":{"self":[{"href":"https:\/\/tommasofanucci.it\/index.php?rest_route=\/wp\/v2\/pages\/132","targetHints":{"allow":["GET"]}}],"collection":[{"href":"https:\/\/tommasofanucci.it\/index.php?rest_route=\/wp\/v2\/pages"}],"about":[{"href":"https:\/\/tommasofanucci.it\/index.php?rest_route=\/wp\/v2\/types\/page"}],"author":[{"embeddable":true,"href":"https:\/\/tommasofanucci.it\/index.php?rest_route=\/wp\/v2\/users\/1"}],"replies":[{"embeddable":true,"href":"https:\/\/tommasofanucci.it\/index.php?rest_route=%2Fwp%2Fv2%2Fcomments&post=132"}],"version-history":[{"count":15,"href":"https:\/\/tommasofanucci.it\/index.php?rest_route=\/wp\/v2\/pages\/132\/revisions"}],"predecessor-version":[{"id":271,"href":"https:\/\/tommasofanucci.it\/index.php?rest_route=\/wp\/v2\/pages\/132\/revisions\/271"}],"wp:attachment":[{"href":"https:\/\/tommasofanucci.it\/index.php?rest_route=%2Fwp%2Fv2%2Fmedia&parent=132"}],"curies":[{"name":"wp","href":"https:\/\/api.w.org\/{rel}","templated":true}]}}